{"id":346,"date":"2019-01-17T10:06:08","date_gmt":"2019-01-17T08:06:08","guid":{"rendered":"http:\/\/www.alfred-frey.ch\/wordpress\/?page_id=346"},"modified":"2019-02-06T10:58:10","modified_gmt":"2019-02-06T08:58:10","slug":"2003-neubau-mit-autounterstand","status":"publish","type":"page","link":"https:\/\/alfred-frey.ch\/?page_id=346","title":{"rendered":"2003   Neubau EFH mit Autounterstand, 9479 Oberschan"},"content":{"rendered":"<p>Objekt:&nbsp;&nbsp; Neubau EFH mit Autounterstand, Grossb\u00fcnt, Obere S\u00e4ge, 9479 Oberschan<br \/>\nAusgef\u00fchrte Arbeiten:&nbsp;&nbsp; Holzelemente inkl. Fachplanung (Nur Holzelemente)<br \/>\nBauherrschaft:&nbsp;&nbsp; Familie Corinne &amp; Felix Zogg &#8211; Rahm<\/p>\n<!-- default-view.php -->\n<div\n\tclass=\"ngg-galleryoverview default-view \"\n\tid=\"ngg-gallery-2387a7d875ad8f7b13d21aede2909718-1\">\n\n\t\t<!-- Thumbnails -->\n\t\t\t\t<div id=\"ngg-image-0\" class=\"ngg-gallery-thumbnail-box \" >\n\t\t\t\t        <div class=\"ngg-gallery-thumbnail\">\n            <a href=\"https:\/\/alfred-frey.ch\/wp-content\/gallery\/2003_zogg\/B000004-R1-27-4-1.JPG\"\n               title=\"\"\n               data-src=\"https:\/\/alfred-frey.ch\/wp-content\/gallery\/2003_zogg\/B000004-R1-27-4-1.JPG\"\n               data-thumbnail=\"https:\/\/alfred-frey.ch\/wp-content\/gallery\/2003_zogg\/thumbs\/thumbs_B000004-R1-27-4-1.JPG\"\n               data-image-id=\"183\"\n               data-title=\"B000004-R1-27-4\"\n               data-description=\"\"\n               data-image-slug=\"b000004-r1-27-4-1\"\n               class=\"ngg-simplelightbox\" rel=\"2387a7d875ad8f7b13d21aede2909718\">\n                <img\n                    title=\"B000004-R1-27-4\"\n                    alt=\"B000004-R1-27-4\"\n                    src=\"https:\/\/alfred-frey.ch\/wp-content\/gallery\/2003_zogg\/thumbs\/thumbs_B000004-R1-27-4-1.JPG\"\n                    width=\"200\"\n                    height=\"150\"\n                    style=\"max-width:100%;\"\n                \/>\n            <\/a>\n        <\/div>\n\t\t\t\t\t\t\t<\/div> \n\t\t\t\n\t\t\t\t<div id=\"ngg-image-1\" class=\"ngg-gallery-thumbnail-box \" >\n\t\t\t\t        <div class=\"ngg-gallery-thumbnail\">\n            <a href=\"https:\/\/alfred-frey.ch\/wp-content\/gallery\/2003_zogg\/B000004-R1-28-6A.JPG\"\n               title=\"\"\n               data-src=\"https:\/\/alfred-frey.ch\/wp-content\/gallery\/2003_zogg\/B000004-R1-28-6A.JPG\"\n               data-thumbnail=\"https:\/\/alfred-frey.ch\/wp-content\/gallery\/2003_zogg\/thumbs\/thumbs_B000004-R1-28-6A.JPG\"\n               data-image-id=\"184\"\n               data-title=\"B000004-R1-28-6A\"\n               data-description=\"\"\n               data-image-slug=\"b000004-r1-28-6a\"\n               class=\"ngg-simplelightbox\" rel=\"2387a7d875ad8f7b13d21aede2909718\">\n                <img\n                    title=\"B000004-R1-28-6A\"\n                    alt=\"B000004-R1-28-6A\"\n                    src=\"https:\/\/alfred-frey.ch\/wp-content\/gallery\/2003_zogg\/thumbs\/thumbs_B000004-R1-28-6A.JPG\"\n                    width=\"200\"\n                    height=\"150\"\n                    style=\"max-width:100%;\"\n                \/>\n            <\/a>\n        <\/div>\n\t\t\t\t\t\t\t<\/div> \n\t\t\t\n\t\t\t\t<div id=\"ngg-image-2\" class=\"ngg-gallery-thumbnail-box \" >\n\t\t\t\t        <div class=\"ngg-gallery-thumbnail\">\n            <a href=\"https:\/\/alfred-frey.ch\/wp-content\/gallery\/2003_zogg\/B000004-R1-29-24.JPG\"\n               title=\"\"\n               data-src=\"https:\/\/alfred-frey.ch\/wp-content\/gallery\/2003_zogg\/B000004-R1-29-24.JPG\"\n               data-thumbnail=\"https:\/\/alfred-frey.ch\/wp-content\/gallery\/2003_zogg\/thumbs\/thumbs_B000004-R1-29-24.JPG\"\n               data-image-id=\"185\"\n               data-title=\"B000004-R1-29-24\"\n               data-description=\"\"\n               data-image-slug=\"b000004-r1-29-24\"\n               class=\"ngg-simplelightbox\" rel=\"2387a7d875ad8f7b13d21aede2909718\">\n                <img\n                    title=\"B000004-R1-29-24\"\n                    alt=\"B000004-R1-29-24\"\n                    src=\"https:\/\/alfred-frey.ch\/wp-content\/gallery\/2003_zogg\/thumbs\/thumbs_B000004-R1-29-24.JPG\"\n                    width=\"200\"\n                    height=\"150\"\n                    style=\"max-width:100%;\"\n                \/>\n            <\/a>\n        <\/div>\n\t\t\t\t\t\t\t<\/div> \n\t\t\t\n\t\t\t\t<div id=\"ngg-image-3\" class=\"ngg-gallery-thumbnail-box \" >\n\t\t\t\t        <div class=\"ngg-gallery-thumbnail\">\n            <a href=\"https:\/\/alfred-frey.ch\/wp-content\/gallery\/2003_zogg\/B000004-R1-31-21A.JPG\"\n               title=\"\"\n               data-src=\"https:\/\/alfred-frey.ch\/wp-content\/gallery\/2003_zogg\/B000004-R1-31-21A.JPG\"\n               data-thumbnail=\"https:\/\/alfred-frey.ch\/wp-content\/gallery\/2003_zogg\/thumbs\/thumbs_B000004-R1-31-21A.JPG\"\n               data-image-id=\"186\"\n               data-title=\"B000004-R1-31-21A\"\n               data-description=\"\"\n               data-image-slug=\"b000004-r1-31-21a\"\n               class=\"ngg-simplelightbox\" rel=\"2387a7d875ad8f7b13d21aede2909718\">\n                <img\n                    title=\"B000004-R1-31-21A\"\n                    alt=\"B000004-R1-31-21A\"\n                    src=\"https:\/\/alfred-frey.ch\/wp-content\/gallery\/2003_zogg\/thumbs\/thumbs_B000004-R1-31-21A.JPG\"\n                    width=\"200\"\n                    height=\"150\"\n                    style=\"max-width:100%;\"\n                \/>\n            <\/a>\n        <\/div>\n\t\t\t\t\t\t\t<\/div> \n\t\t\t\n\t\t\t\t<div id=\"ngg-image-4\" class=\"ngg-gallery-thumbnail-box \" >\n\t\t\t\t        <div class=\"ngg-gallery-thumbnail\">\n            <a href=\"https:\/\/alfred-frey.ch\/wp-content\/gallery\/2003_zogg\/B000004-R1-33-23A.JPG\"\n               title=\"\"\n               data-src=\"https:\/\/alfred-frey.ch\/wp-content\/gallery\/2003_zogg\/B000004-R1-33-23A.JPG\"\n               data-thumbnail=\"https:\/\/alfred-frey.ch\/wp-content\/gallery\/2003_zogg\/thumbs\/thumbs_B000004-R1-33-23A.JPG\"\n               data-image-id=\"187\"\n               data-title=\"B000004-R1-33-23A\"\n               data-description=\"\"\n               data-image-slug=\"b000004-r1-33-23a\"\n               class=\"ngg-simplelightbox\" rel=\"2387a7d875ad8f7b13d21aede2909718\">\n                <img\n                    title=\"B000004-R1-33-23A\"\n                    alt=\"B000004-R1-33-23A\"\n                    src=\"https:\/\/alfred-frey.ch\/wp-content\/gallery\/2003_zogg\/thumbs\/thumbs_B000004-R1-33-23A.JPG\"\n                    width=\"200\"\n                    height=\"150\"\n                    style=\"max-width:100%;\"\n                \/>\n            <\/a>\n        <\/div>\n\t\t\t\t\t\t\t<\/div> \n\t\t\t\n\t\n\t<br style=\"clear: both\" \/>\n\n\t\n\t\t<!-- Pagination -->\n\t<div class='ngg-clear'><\/div>\t<\/div>\n\n","protected":false},"excerpt":{"rendered":"<p>Objekt:&nbsp;&nbsp; Neubau EFH mit Autounterstand, Grossb\u00fcnt, Obere S\u00e4ge, 9479 Oberschan Ausgef\u00fchrte Arbeiten:&nbsp;&nbsp; Holzelemente inkl. Fachplanung (Nur Holzelemente) Bauherrschaft:&nbsp;&nbsp; Familie Corinne &amp; Felix Zogg &#8211; Rahm<\/p>\n","protected":false},"author":2,"featured_media":0,"parent":38,"menu_order":980,"comment_status":"closed","ping_status":"closed","template":"","meta":{"ngg_post_thumbnail":0,"footnotes":""},"_links":{"self":[{"href":"https:\/\/alfred-frey.ch\/index.php?rest_route=\/wp\/v2\/pages\/346"}],"collection":[{"href":"https:\/\/alfred-frey.ch\/index.php?rest_route=\/wp\/v2\/pages"}],"about":[{"href":"https:\/\/alfred-frey.ch\/index.php?rest_route=\/wp\/v2\/types\/page"}],"author":[{"embeddable":true,"href":"https:\/\/alfred-frey.ch\/index.php?rest_route=\/wp\/v2\/users\/2"}],"replies":[{"embeddable":true,"href":"https:\/\/alfred-frey.ch\/index.php?rest_route=%2Fwp%2Fv2%2Fcomments&post=346"}],"version-history":[{"count":7,"href":"https:\/\/alfred-frey.ch\/index.php?rest_route=\/wp\/v2\/pages\/346\/revisions"}],"predecessor-version":[{"id":522,"href":"https:\/\/alfred-frey.ch\/index.php?rest_route=\/wp\/v2\/pages\/346\/revisions\/522"}],"up":[{"embeddable":true,"href":"https:\/\/alfred-frey.ch\/index.php?rest_route=\/wp\/v2\/pages\/38"}],"wp:attachment":[{"href":"https:\/\/alfred-frey.ch\/index.php?rest_route=%2Fwp%2Fv2%2Fmedia&parent=346"}],"curies":[{"name":"wp","href":"https:\/\/api.w.org\/{rel}","templated":true}]}}